{"id":80,"date":"2023-02-17T18:16:23","date_gmt":"2023-02-17T18:16:23","guid":{"rendered":"https:\/\/maakettu.viestikettu.fi\/index.php\/contact-us\/"},"modified":"2023-03-15T09:40:00","modified_gmt":"2023-03-15T09:40:00","slug":"yhteystiedot","status":"publish","type":"page","link":"https:\/\/maakettu.viestikettu.fi\/index.php\/yhteystiedot\/","title":{"rendered":"Yhteystiedot"},"content":{"rendered":"\t\t<div data-elementor-type=\"wp-page\" data-elementor-id=\"80\" class=\"elementor elementor-80\">\n\t\t\t\t\t\t<section class=\"elementor-section elementor-top-section elementor-element elementor-element-246f32c6 elementor-section-full_width elementor-section-items-stretch elementor-section-content-middle elementor-reverse-tablet elementor-reverse-mobile elementor-section-height-min-height elementor-section-height-default\" data-id=\"246f32c6\" data-element_type=\"section\" data-e-type=\"section\">\n\t\t\t\t\t\t<div class=\"elementor-container elementor-column-gap-no\">\n\t\t\t\t\t<div class=\"elementor-column elementor-col-50 elementor-top-column elementor-element elementor-element-61b9165f\" data-id=\"61b9165f\" data-element_type=\"column\" data-e-type=\"column\" data-settings=\"{&quot;background_background&quot;:&quot;classic&quot;}\">\n\t\t\t<div class=\"elementor-widget-wrap elementor-element-populated\">\n\t\t\t\t\t\t<div class=\"elementor-element elementor-element-269b8a6b elementor-invisible elementor-widget elementor-widget-heading\" data-id=\"269b8a6b\" data-element_type=\"widget\" data-e-type=\"widget\" data-settings=\"{&quot;_animation&quot;:&quot;headShake&quot;}\" data-widget_type=\"heading.default\">\n\t\t\t\t<div class=\"elementor-widget-container\">\n\t\t\t\t\t<h1 class=\"elementor-heading-title elementor-size-default\">Ota yhteytt\u00e4!<\/h1>\t\t\t\t<\/div>\n\t\t\t\t<\/div>\n\t\t\t\t<div class=\"elementor-element elementor-element-779feaa1 elementor-widget__width-initial elementor-widget elementor-widget-text-editor\" data-id=\"779feaa1\" data-element_type=\"widget\" data-e-type=\"widget\" data-widget_type=\"text-editor.default\">\n\t\t\t\t<div class=\"elementor-widget-container\">\n\t\t\t\t\t\t\t\t\t<p>Varmimmin vastaamme viesteihin. Laita siis s\u00e4hk\u00f6postia, WhatsApp- tai tekstiviesti\u00e4 tai k\u00e4yt\u00e4 yhteydenottolomaketta.<\/p>\t\t\t\t\t\t\t\t<\/div>\n\t\t\t\t<\/div>\n\t\t\t\t\t<\/div>\n\t\t<\/div>\n\t\t\t\t<div class=\"elementor-column elementor-col-50 elementor-top-column elementor-element elementor-element-8cc1544\" data-id=\"8cc1544\" data-element_type=\"column\" data-e-type=\"column\">\n\t\t\t<div class=\"elementor-widget-wrap elementor-element-populated\">\n\t\t\t\t\t\t<div class=\"elementor-element elementor-element-6dbc4ab elementor-widget elementor-widget-wp-widget-forminator_widget\" data-id=\"6dbc4ab\" data-element_type=\"widget\" data-e-type=\"widget\" data-widget_type=\"wp-widget-forminator_widget.default\">\n\t\t\t\t<div class=\"elementor-widget-container\">\n\t\t\t\t\t<h5>Laita meille viesti\u00e4!<\/h5><div class=\"forminator-ui forminator-custom-form forminator-custom-form-196 forminator-design--material  forminator_ajax\" data-forminator-render=\"0\" data-form=\"forminator-module-196\" data-uid=\"69e0dfc4b7961\"><br\/><\/div><form\n\t\t\t\tid=\"forminator-module-196\"\n\t\t\t\tclass=\"forminator-ui forminator-custom-form forminator-custom-form-196 forminator-design--material  forminator_ajax\"\n\t\t\t\tmethod=\"post\"\n\t\t\t\tdata-forminator-render=\"0\"\n\t\t\t\tdata-form-id=\"196\"\n\t\t\t\t data-color-option=\"default\" data-design=\"material\" data-grid=\"open\" style=\"display: none;\"\n\t\t\t\tdata-uid=\"69e0dfc4b7961\"\n\t\t\t><div role=\"alert\" aria-live=\"polite\" class=\"forminator-response-message forminator-error\" aria-hidden=\"true\"><\/div><div class=\"forminator-row\"><div id=\"name-1\" class=\"forminator-field-name forminator-col forminator-col-12 \"><div class=\"forminator-field\"><label for=\"forminator-field-name-1_69e0dfc4b7961\" id=\"forminator-field-name-1_69e0dfc4b7961-label\" class=\"forminator-label\">Nimi <span class=\"forminator-required\">*<\/span><\/label><input type=\"text\" name=\"name-1\" value=\"\" placeholder=\"\" id=\"forminator-field-name-1_69e0dfc4b7961\" class=\"forminator-input forminator-name--field\" aria-required=\"true\" autocomplete=\"name\" \/><\/div><\/div><\/div><div class=\"forminator-row\"><div id=\"email-1\" class=\"forminator-field-email forminator-col forminator-col-12 \"><div class=\"forminator-field\"><label for=\"forminator-field-email-1_69e0dfc4b7961\" id=\"forminator-field-email-1_69e0dfc4b7961-label\" class=\"forminator-label\">S\u00e4hk\u00f6postiosoite <span class=\"forminator-required\">*<\/span><\/label><input type=\"email\" name=\"email-1\" value=\"\" placeholder=\"\" id=\"forminator-field-email-1_69e0dfc4b7961\" class=\"forminator-input forminator-email--field\" data-required=\"1\" aria-required=\"true\" autocomplete=\"email\" \/><\/div><\/div><\/div><div class=\"forminator-row\"><div id=\"phone-1\" class=\"forminator-field-phone forminator-col forminator-col-12 \"><div class=\"forminator-field\"><label for=\"forminator-field-phone-1_69e0dfc4b7961\" id=\"forminator-field-phone-1_69e0dfc4b7961-label\" class=\"forminator-label\">Puhelinnumero<\/label><input type=\"text\" name=\"phone-1\" value=\"\" placeholder=\"\" id=\"forminator-field-phone-1_69e0dfc4b7961\" class=\"forminator-input forminator-field--phone\" data-required=\"\" aria-required=\"false\" autocomplete=\"off\" \/><\/div><\/div><\/div><div class=\"forminator-row\"><div id=\"textarea-1\" class=\"forminator-field-textarea forminator-col forminator-col-12 \"><div class=\"forminator-field\"><label for=\"forminator-field-textarea-1_69e0dfc4b7961\" id=\"forminator-field-textarea-1_69e0dfc4b7961-label\" class=\"forminator-label\">Viestisi meille. <span class=\"forminator-required\">*<\/span><\/label><textarea name=\"textarea-1\" placeholder=\"Enter your message...\" id=\"forminator-field-textarea-1_69e0dfc4b7961\" class=\"forminator-textarea\" rows=\"6\" style=\"min-height:140px;\" maxlength=\"180\" ><\/textarea><span id=\"forminator-field-textarea-1_69e0dfc4b7961-description\" class=\"forminator-description\"><span data-limit=\"180\" data-type=\"characters\" data-editor=\"\">0 \/ 180<\/span><\/span><\/div><\/div><\/div><input type=\"hidden\" name=\"referer_url\" value=\"\" \/><div class=\"forminator-row forminator-row-last\"><div class=\"forminator-col\"><div class=\"forminator-field\"><button class=\"forminator-button forminator-button-submit\"><span>L&auml;het&auml; viesti!<\/span><span aria-hidden=\"true\"><\/span><\/button><\/div><\/div><\/div><input type=\"hidden\" id=\"forminator_nonce\" name=\"forminator_nonce\" value=\"6ccb0ddb5d\" \/><input type=\"hidden\" name=\"_wp_http_referer\" value=\"\/index.php\/wp-json\/wp\/v2\/pages\/80\" \/><input type=\"hidden\" name=\"form_id\" value=\"196\"><input type=\"hidden\" name=\"page_id\" value=\"80\"><input type=\"hidden\" name=\"form_type\" value=\"default\"><input type=\"hidden\" name=\"current_url\" value=\"https:\/\/maakettu.viestikettu.fi\/index.php\/yhteystiedot\/\"><input type=\"hidden\" name=\"render_id\" value=\"0\"><input type=\"hidden\" name=\"action\" value=\"forminator_submit_form_custom-forms\"><\/form>\t\t\t\t<\/div>\n\t\t\t\t<\/div>\n\t\t\t\t\t<\/div>\n\t\t<\/div>\n\t\t\t\t\t<\/div>\n\t\t<\/section>\n\t\t\t\t<section class=\"elementor-section elementor-top-section elementor-element elementor-element-5199075b elementor-section-full_width elementor-section-content-middle elementor-section-height-default elementor-section-height-default\" data-id=\"5199075b\" data-element_type=\"section\" data-e-type=\"section\" data-settings=\"{&quot;background_background&quot;:&quot;classic&quot;}\">\n\t\t\t\t\t\t<div class=\"elementor-container elementor-column-gap-no\">\n\t\t\t\t\t<div class=\"elementor-column elementor-col-50 elementor-top-column elementor-element elementor-element-3e50add3\" data-id=\"3e50add3\" data-element_type=\"column\" data-e-type=\"column\">\n\t\t\t<div class=\"elementor-widget-wrap elementor-element-populated\">\n\t\t\t\t\t\t<div class=\"elementor-element elementor-element-11ebbac1 elementor-icon-list--layout-traditional elementor-list-item-link-full_width elementor-widget elementor-widget-icon-list\" data-id=\"11ebbac1\" data-element_type=\"widget\" data-e-type=\"widget\" data-widget_type=\"icon-list.default\">\n\t\t\t\t<div class=\"elementor-widget-container\">\n\t\t\t\t\t\t\t<ul class=\"elementor-icon-list-items\">\n\t\t\t\t\t\t\t<li class=\"elementor-icon-list-item\">\n\t\t\t\t\t\t\t\t\t\t<span class=\"elementor-icon-list-text\"><b>Osoite:<\/b><br>Mutikontie 147, 36200 Kangasala<\/span>\n\t\t\t\t\t\t\t\t\t<\/li>\n\t\t\t\t\t\t\t\t<li class=\"elementor-icon-list-item\">\n\t\t\t\t\t\t\t\t\t\t<span class=\"elementor-icon-list-text\"><b>Phone:<\/b><br>044 0554452 \/ Mika S\u00e4pysk\u00e4<br>044 0554451 \/ Nina-Carita S\u00e4pysk\u00e4<\/span>\n\t\t\t\t\t\t\t\t\t<\/li>\n\t\t\t\t\t\t\t\t<li class=\"elementor-icon-list-item\">\n\t\t\t\t\t\t\t\t\t\t<span class=\"elementor-icon-list-text\"><b>S\u00e4hk\u00f6posti:<\/b><br>mika.sapyska(at)kotiportti.fi<br>nina-carita.sapyska(at)kotiportti.fi<\/span>\n\t\t\t\t\t\t\t\t\t<\/li>\n\t\t\t\t\t\t<\/ul>\n\t\t\t\t\t\t<\/div>\n\t\t\t\t<\/div>\n\t\t\t\t\t<\/div>\n\t\t<\/div>\n\t\t\t\t<div class=\"elementor-column elementor-col-50 elementor-top-column elementor-element elementor-element-29adcc30\" data-id=\"29adcc30\" data-element_type=\"column\" data-e-type=\"column\">\n\t\t\t<div class=\"elementor-widget-wrap elementor-element-populated\">\n\t\t\t\t\t\t<div class=\"elementor-element elementor-element-18bac425 elementor-widget elementor-widget-google_maps\" data-id=\"18bac425\" data-element_type=\"widget\" data-e-type=\"widget\" data-widget_type=\"google_maps.default\">\n\t\t\t\t<div class=\"elementor-widget-container\">\n\t\t\t\t\t\t\t<div class=\"elementor-custom-embed\">\n\t\t\t<iframe loading=\"lazy\"\n\t\t\t\t\tsrc=\"https:\/\/maps.google.com\/maps?q=Mutikontie%20147&#038;t=m&#038;z=10&#038;output=embed&#038;iwloc=near\"\n\t\t\t\t\ttitle=\"Mutikontie 147\"\n\t\t\t\t\taria-label=\"Mutikontie 147\"\n\t\t\t><\/iframe>\n\t\t<\/div>\n\t\t\t\t\t\t<\/div>\n\t\t\t\t<\/div>\n\t\t\t\t\t<\/div>\n\t\t<\/div>\n\t\t\t\t\t<\/div>\n\t\t<\/section>\n\t\t\t\t<\/div>\n\t\t","protected":false},"excerpt":{"rendered":"<p>Ota yhteytt\u00e4! Varmimmin vastaamme viesteihin. Laita siis s\u00e4hk\u00f6postia, WhatsApp- tai tekstiviesti\u00e4 tai k\u00e4yt\u00e4 yhteydenottolomaketta. Osoite: Mutikontie 147, 36200 Kangasala Phone: 044 0554452 \/ Mika S\u00e4pysk\u00e4 044 0554451 \/ Nina-Carita S\u00e4pysk\u00e4 S\u00e4hk\u00f6posti: mika.sapyska(at)kotiportti.fi nina-carita.sapyska(at)kotiportti.fi<\/p>\n","protected":false},"author":1,"featured_media":0,"parent":0,"menu_order":0,"comment_status":"closed","ping_status":"closed","template":"","meta":{"footnotes":""},"class_list":["post-80","page","type-page","status-publish","hentry"],"yoast_head":"<!-- This site is optimized with the Yoast SEO plugin v27.4 - https:\/\/yoast.com\/product\/yoast-seo-wordpress\/ -->\n<title>Yhteystiedot - Maakettu<\/title>\n<meta name=\"description\" content=\"Yhteystiedot. Kun tarvitset luomuviljaa, -hein\u00e4\u00e4, polttopuuta tai m\u00f6kkitalkkaripalveluitamme Kangasalla tai l\u00e4hiymp\u00e4rist\u00f6ss\u00e4, ota yhteytt\u00e4!\" \/>\n<meta name=\"robots\" content=\"index, follow, max-snippet:-1, max-image-preview:large, max-video-preview:-1\" \/>\n<link rel=\"canonical\" href=\"https:\/\/maakettu.viestikettu.fi\/index.php\/yhteystiedot\/\" \/>\n<meta property=\"og:locale\" content=\"fi_FI\" \/>\n<meta property=\"og:type\" content=\"article\" \/>\n<meta property=\"og:title\" content=\"Yhteystiedot - Maakettu\" \/>\n<meta property=\"og:description\" content=\"Yhteystiedot. Kun tarvitset luomuviljaa, -hein\u00e4\u00e4, polttopuuta tai m\u00f6kkitalkkaripalveluitamme Kangasalla tai l\u00e4hiymp\u00e4rist\u00f6ss\u00e4, ota yhteytt\u00e4!\" \/>\n<meta property=\"og:url\" content=\"https:\/\/maakettu.viestikettu.fi\/index.php\/yhteystiedot\/\" \/>\n<meta property=\"og:site_name\" content=\"Maakettu\" \/>\n<meta property=\"article:publisher\" content=\"https:\/\/fi-fi.facebook.com\/viestikettu\/\" \/>\n<meta property=\"article:modified_time\" content=\"2023-03-15T09:40:00+00:00\" \/>\n<meta name=\"twitter:card\" content=\"summary_large_image\" \/>\n<meta name=\"twitter:label1\" content=\"Arvioitu lukuaika\" \/>\n\t<meta name=\"twitter:data1\" content=\"1 minuutti\" \/>\n<script type=\"application\/ld+json\" class=\"yoast-schema-graph\">{\"@context\":\"https:\\\/\\\/schema.org\",\"@graph\":[{\"@type\":\"WebPage\",\"@id\":\"https:\\\/\\\/maakettu.viestikettu.fi\\\/index.php\\\/yhteystiedot\\\/\",\"url\":\"https:\\\/\\\/maakettu.viestikettu.fi\\\/index.php\\\/yhteystiedot\\\/\",\"name\":\"Yhteystiedot - Maakettu\",\"isPartOf\":{\"@id\":\"https:\\\/\\\/maakettu.viestikettu.fi\\\/#website\"},\"datePublished\":\"2023-02-17T18:16:23+00:00\",\"dateModified\":\"2023-03-15T09:40:00+00:00\",\"description\":\"Yhteystiedot. Kun tarvitset luomuviljaa, -hein\u00e4\u00e4, polttopuuta tai m\u00f6kkitalkkaripalveluitamme Kangasalla tai l\u00e4hiymp\u00e4rist\u00f6ss\u00e4, ota yhteytt\u00e4!\",\"breadcrumb\":{\"@id\":\"https:\\\/\\\/maakettu.viestikettu.fi\\\/index.php\\\/yhteystiedot\\\/#breadcrumb\"},\"inLanguage\":\"fi\",\"potentialAction\":[{\"@type\":\"ReadAction\",\"target\":[\"https:\\\/\\\/maakettu.viestikettu.fi\\\/index.php\\\/yhteystiedot\\\/\"]}]},{\"@type\":\"BreadcrumbList\",\"@id\":\"https:\\\/\\\/maakettu.viestikettu.fi\\\/index.php\\\/yhteystiedot\\\/#breadcrumb\",\"itemListElement\":[{\"@type\":\"ListItem\",\"position\":1,\"name\":\"Etusivu\",\"item\":\"https:\\\/\\\/maakettu.viestikettu.fi\\\/\"},{\"@type\":\"ListItem\",\"position\":2,\"name\":\"Yhteystiedot\"}]},{\"@type\":\"WebSite\",\"@id\":\"https:\\\/\\\/maakettu.viestikettu.fi\\\/#website\",\"url\":\"https:\\\/\\\/maakettu.viestikettu.fi\\\/\",\"name\":\"Maakettu\",\"description\":\"Hyv&auml;n mielen maatila\",\"publisher\":{\"@id\":\"https:\\\/\\\/maakettu.viestikettu.fi\\\/#organization\"},\"potentialAction\":[{\"@type\":\"SearchAction\",\"target\":{\"@type\":\"EntryPoint\",\"urlTemplate\":\"https:\\\/\\\/maakettu.viestikettu.fi\\\/?s={search_term_string}\"},\"query-input\":{\"@type\":\"PropertyValueSpecification\",\"valueRequired\":true,\"valueName\":\"search_term_string\"}}],\"inLanguage\":\"fi\"},{\"@type\":\"Organization\",\"@id\":\"https:\\\/\\\/maakettu.viestikettu.fi\\\/#organization\",\"name\":\"Maakettu\",\"url\":\"https:\\\/\\\/maakettu.viestikettu.fi\\\/\",\"logo\":{\"@type\":\"ImageObject\",\"inLanguage\":\"fi\",\"@id\":\"https:\\\/\\\/maakettu.viestikettu.fi\\\/#\\\/schema\\\/logo\\\/image\\\/\",\"url\":\"https:\\\/\\\/maakettu.viestikettu.fi\\\/wp-content\\\/uploads\\\/2023\\\/02\\\/cropped-kuva-3-1.png\",\"contentUrl\":\"https:\\\/\\\/maakettu.viestikettu.fi\\\/wp-content\\\/uploads\\\/2023\\\/02\\\/cropped-kuva-3-1.png\",\"width\":240,\"height\":68,\"caption\":\"Maakettu\"},\"image\":{\"@id\":\"https:\\\/\\\/maakettu.viestikettu.fi\\\/#\\\/schema\\\/logo\\\/image\\\/\"},\"sameAs\":[\"https:\\\/\\\/fi-fi.facebook.com\\\/viestikettu\\\/\"]}]}<\/script>\n<!-- \/ Yoast SEO plugin. -->","yoast_head_json":{"title":"Yhteystiedot - Maakettu","description":"Yhteystiedot. Kun tarvitset luomuviljaa, -hein\u00e4\u00e4, polttopuuta tai m\u00f6kkitalkkaripalveluitamme Kangasalla tai l\u00e4hiymp\u00e4rist\u00f6ss\u00e4, ota yhteytt\u00e4!","robots":{"index":"index","follow":"follow","max-snippet":"max-snippet:-1","max-image-preview":"max-image-preview:large","max-video-preview":"max-video-preview:-1"},"canonical":"https:\/\/maakettu.viestikettu.fi\/index.php\/yhteystiedot\/","og_locale":"fi_FI","og_type":"article","og_title":"Yhteystiedot - Maakettu","og_description":"Yhteystiedot. Kun tarvitset luomuviljaa, -hein\u00e4\u00e4, polttopuuta tai m\u00f6kkitalkkaripalveluitamme Kangasalla tai l\u00e4hiymp\u00e4rist\u00f6ss\u00e4, ota yhteytt\u00e4!","og_url":"https:\/\/maakettu.viestikettu.fi\/index.php\/yhteystiedot\/","og_site_name":"Maakettu","article_publisher":"https:\/\/fi-fi.facebook.com\/viestikettu\/","article_modified_time":"2023-03-15T09:40:00+00:00","twitter_card":"summary_large_image","twitter_misc":{"Arvioitu lukuaika":"1 minuutti"},"schema":{"@context":"https:\/\/schema.org","@graph":[{"@type":"WebPage","@id":"https:\/\/maakettu.viestikettu.fi\/index.php\/yhteystiedot\/","url":"https:\/\/maakettu.viestikettu.fi\/index.php\/yhteystiedot\/","name":"Yhteystiedot - Maakettu","isPartOf":{"@id":"https:\/\/maakettu.viestikettu.fi\/#website"},"datePublished":"2023-02-17T18:16:23+00:00","dateModified":"2023-03-15T09:40:00+00:00","description":"Yhteystiedot. Kun tarvitset luomuviljaa, -hein\u00e4\u00e4, polttopuuta tai m\u00f6kkitalkkaripalveluitamme Kangasalla tai l\u00e4hiymp\u00e4rist\u00f6ss\u00e4, ota yhteytt\u00e4!","breadcrumb":{"@id":"https:\/\/maakettu.viestikettu.fi\/index.php\/yhteystiedot\/#breadcrumb"},"inLanguage":"fi","potentialAction":[{"@type":"ReadAction","target":["https:\/\/maakettu.viestikettu.fi\/index.php\/yhteystiedot\/"]}]},{"@type":"BreadcrumbList","@id":"https:\/\/maakettu.viestikettu.fi\/index.php\/yhteystiedot\/#breadcrumb","itemListElement":[{"@type":"ListItem","position":1,"name":"Etusivu","item":"https:\/\/maakettu.viestikettu.fi\/"},{"@type":"ListItem","position":2,"name":"Yhteystiedot"}]},{"@type":"WebSite","@id":"https:\/\/maakettu.viestikettu.fi\/#website","url":"https:\/\/maakettu.viestikettu.fi\/","name":"Maakettu","description":"Hyv&auml;n mielen maatila","publisher":{"@id":"https:\/\/maakettu.viestikettu.fi\/#organization"},"potentialAction":[{"@type":"SearchAction","target":{"@type":"EntryPoint","urlTemplate":"https:\/\/maakettu.viestikettu.fi\/?s={search_term_string}"},"query-input":{"@type":"PropertyValueSpecification","valueRequired":true,"valueName":"search_term_string"}}],"inLanguage":"fi"},{"@type":"Organization","@id":"https:\/\/maakettu.viestikettu.fi\/#organization","name":"Maakettu","url":"https:\/\/maakettu.viestikettu.fi\/","logo":{"@type":"ImageObject","inLanguage":"fi","@id":"https:\/\/maakettu.viestikettu.fi\/#\/schema\/logo\/image\/","url":"https:\/\/maakettu.viestikettu.fi\/wp-content\/uploads\/2023\/02\/cropped-kuva-3-1.png","contentUrl":"https:\/\/maakettu.viestikettu.fi\/wp-content\/uploads\/2023\/02\/cropped-kuva-3-1.png","width":240,"height":68,"caption":"Maakettu"},"image":{"@id":"https:\/\/maakettu.viestikettu.fi\/#\/schema\/logo\/image\/"},"sameAs":["https:\/\/fi-fi.facebook.com\/viestikettu\/"]}]}},"_links":{"self":[{"href":"https:\/\/maakettu.viestikettu.fi\/index.php\/wp-json\/wp\/v2\/pages\/80","targetHints":{"allow":["GET"]}}],"collection":[{"href":"https:\/\/maakettu.viestikettu.fi\/index.php\/wp-json\/wp\/v2\/pages"}],"about":[{"href":"https:\/\/maakettu.viestikettu.fi\/index.php\/wp-json\/wp\/v2\/types\/page"}],"author":[{"embeddable":true,"href":"https:\/\/maakettu.viestikettu.fi\/index.php\/wp-json\/wp\/v2\/users\/1"}],"replies":[{"embeddable":true,"href":"https:\/\/maakettu.viestikettu.fi\/index.php\/wp-json\/wp\/v2\/comments?post=80"}],"version-history":[{"count":46,"href":"https:\/\/maakettu.viestikettu.fi\/index.php\/wp-json\/wp\/v2\/pages\/80\/revisions"}],"predecessor-version":[{"id":353,"href":"https:\/\/maakettu.viestikettu.fi\/index.php\/wp-json\/wp\/v2\/pages\/80\/revisions\/353"}],"wp:attachment":[{"href":"https:\/\/maakettu.viestikettu.fi\/index.php\/wp-json\/wp\/v2\/media?parent=80"}],"curies":[{"name":"wp","href":"https:\/\/api.w.org\/{rel}","templated":true}]}}