{"id":302,"date":"2023-03-13T12:31:36","date_gmt":"2023-03-13T12:31:36","guid":{"rendered":"https:\/\/maakettu.viestikettu.fi\/?page_id=302"},"modified":"2024-10-21T13:43:17","modified_gmt":"2024-10-21T13:43:17","slug":"myynnissa","status":"publish","type":"page","link":"https:\/\/maakettu.viestikettu.fi\/index.php\/myynnissa\/","title":{"rendered":"Myynniss\u00e4"},"content":{"rendered":"\t\t<div data-elementor-type=\"wp-page\" data-elementor-id=\"302\" class=\"elementor elementor-302\">\n\t\t\t\t\t\t<section class=\"elementor-section elementor-top-section elementor-element elementor-element-d81fdfa elementor-section-boxed elementor-section-height-default elementor-section-height-default\" data-id=\"d81fdfa\" data-element_type=\"section\" data-e-type=\"section\">\n\t\t\t\t\t\t<div class=\"elementor-container elementor-column-gap-default\">\n\t\t\t\t\t<div class=\"elementor-column elementor-col-100 elementor-top-column elementor-element elementor-element-53f1a95\" data-id=\"53f1a95\" data-element_type=\"column\" data-e-type=\"column\">\n\t\t\t<div class=\"elementor-widget-wrap elementor-element-populated\">\n\t\t\t\t\t\t<div class=\"elementor-element elementor-element-c2e2dd6 elementor-widget elementor-widget-heading\" data-id=\"c2e2dd6\" data-element_type=\"widget\" data-e-type=\"widget\" data-widget_type=\"heading.default\">\n\t\t\t\t<div class=\"elementor-widget-container\">\n\t\t\t\t\t<h1 class=\"elementor-heading-title elementor-size-default\">Myynniss\u00e4<\/h1>\t\t\t\t<\/div>\n\t\t\t\t<\/div>\n\t\t\t\t\t<\/div>\n\t\t<\/div>\n\t\t\t\t\t<\/div>\n\t\t<\/section>\n\t\t\t\t<section class=\"elementor-section elementor-top-section elementor-element elementor-element-ca0432b elementor-section-boxed elementor-section-height-default elementor-section-height-default\" data-id=\"ca0432b\" data-element_type=\"section\" data-e-type=\"section\">\n\t\t\t\t\t\t<div class=\"elementor-container elementor-column-gap-default\">\n\t\t\t\t\t<div class=\"elementor-column elementor-col-33 elementor-top-column elementor-element elementor-element-58f831a\" data-id=\"58f831a\" data-element_type=\"column\" data-e-type=\"column\">\n\t\t\t<div class=\"elementor-widget-wrap elementor-element-populated\">\n\t\t\t\t\t\t<div class=\"elementor-element elementor-element-6c59ea1 elementor-position-top elementor-widget elementor-widget-image-box\" data-id=\"6c59ea1\" data-element_type=\"widget\" data-e-type=\"widget\" data-widget_type=\"image-box.default\">\n\t\t\t\t<div class=\"elementor-widget-container\">\n\t\t\t\t\t<div class=\"elementor-image-box-wrapper\"><figure class=\"elementor-image-box-img\"><img fetchpriority=\"high\" decoding=\"async\" width=\"2560\" height=\"1707\" src=\"https:\/\/maakettu.viestikettu.fi\/wp-content\/uploads\/2023\/03\/kauraa-2-scaled.jpg\" class=\"attachment-full size-full wp-image-306\" alt=\"\" srcset=\"https:\/\/maakettu.viestikettu.fi\/wp-content\/uploads\/2023\/03\/kauraa-2-scaled.jpg 2560w, https:\/\/maakettu.viestikettu.fi\/wp-content\/uploads\/2023\/03\/kauraa-2-300x200.jpg 300w, https:\/\/maakettu.viestikettu.fi\/wp-content\/uploads\/2023\/03\/kauraa-2-1024x683.jpg 1024w, https:\/\/maakettu.viestikettu.fi\/wp-content\/uploads\/2023\/03\/kauraa-2-768x512.jpg 768w, https:\/\/maakettu.viestikettu.fi\/wp-content\/uploads\/2023\/03\/kauraa-2-1536x1024.jpg 1536w, https:\/\/maakettu.viestikettu.fi\/wp-content\/uploads\/2023\/03\/kauraa-2-2048x1365.jpg 2048w, https:\/\/maakettu.viestikettu.fi\/wp-content\/uploads\/2023\/03\/kauraa-2-1x1.jpg 1w\" sizes=\"(max-width: 2560px) 100vw, 2560px\" \/><\/figure><div class=\"elementor-image-box-content\"><h2 class=\"elementor-image-box-title\">Luomukauraa<\/h2><p class=\"elementor-image-box-description\">Ei saatavilla t\u00e4ll\u00e4 hetkell\u00e4.<\/p><\/div><\/div>\t\t\t\t<\/div>\n\t\t\t\t<\/div>\n\t\t\t\t\t<\/div>\n\t\t<\/div>\n\t\t\t\t<div class=\"elementor-column elementor-col-33 elementor-top-column elementor-element elementor-element-bcb864d\" data-id=\"bcb864d\" data-element_type=\"column\" data-e-type=\"column\">\n\t\t\t<div class=\"elementor-widget-wrap elementor-element-populated\">\n\t\t\t\t\t\t<div class=\"elementor-element elementor-element-61ec452 elementor-position-top elementor-widget elementor-widget-image-box\" data-id=\"61ec452\" data-element_type=\"widget\" data-e-type=\"widget\" data-widget_type=\"image-box.default\">\n\t\t\t\t<div class=\"elementor-widget-container\">\n\t\t\t\t\t<div class=\"elementor-image-box-wrapper\"><figure class=\"elementor-image-box-img\"><img decoding=\"async\" width=\"2560\" height=\"1707\" src=\"https:\/\/maakettu.viestikettu.fi\/wp-content\/uploads\/2023\/03\/poyhintaa-scaled.jpg\" class=\"attachment-full size-full wp-image-307\" alt=\"\" srcset=\"https:\/\/maakettu.viestikettu.fi\/wp-content\/uploads\/2023\/03\/poyhintaa-scaled.jpg 2560w, https:\/\/maakettu.viestikettu.fi\/wp-content\/uploads\/2023\/03\/poyhintaa-300x200.jpg 300w, https:\/\/maakettu.viestikettu.fi\/wp-content\/uploads\/2023\/03\/poyhintaa-1024x683.jpg 1024w, https:\/\/maakettu.viestikettu.fi\/wp-content\/uploads\/2023\/03\/poyhintaa-768x512.jpg 768w, https:\/\/maakettu.viestikettu.fi\/wp-content\/uploads\/2023\/03\/poyhintaa-1536x1024.jpg 1536w, https:\/\/maakettu.viestikettu.fi\/wp-content\/uploads\/2023\/03\/poyhintaa-2048x1365.jpg 2048w, https:\/\/maakettu.viestikettu.fi\/wp-content\/uploads\/2023\/03\/poyhintaa-1x1.jpg 1w\" sizes=\"(max-width: 2560px) 100vw, 2560px\" \/><\/figure><div class=\"elementor-image-box-content\"><h2 class=\"elementor-image-box-title\">Luomuhein\u00e4\u00e4<\/h2><p class=\"elementor-image-box-description\">Ei saatavilla t\u00e4ll\u00e4 hetkell\u00e4.<\/p><\/div><\/div>\t\t\t\t<\/div>\n\t\t\t\t<\/div>\n\t\t\t\t\t<\/div>\n\t\t<\/div>\n\t\t\t\t<div class=\"elementor-column elementor-col-33 elementor-top-column elementor-element elementor-element-b2820fe\" data-id=\"b2820fe\" data-element_type=\"column\" data-e-type=\"column\">\n\t\t\t<div class=\"elementor-widget-wrap elementor-element-populated\">\n\t\t\t\t\t\t<div class=\"elementor-element elementor-element-f73ce78 elementor-position-top elementor-widget elementor-widget-image-box\" data-id=\"f73ce78\" data-element_type=\"widget\" data-e-type=\"widget\" data-widget_type=\"image-box.default\">\n\t\t\t\t<div class=\"elementor-widget-container\">\n\t\t\t\t\t<div class=\"elementor-image-box-wrapper\"><figure class=\"elementor-image-box-img\"><img decoding=\"async\" width=\"1700\" height=\"1133\" src=\"https:\/\/maakettu.viestikettu.fi\/wp-content\/uploads\/2023\/03\/puita.jpg\" class=\"attachment-full size-full wp-image-305\" alt=\"\" srcset=\"https:\/\/maakettu.viestikettu.fi\/wp-content\/uploads\/2023\/03\/puita.jpg 1700w, https:\/\/maakettu.viestikettu.fi\/wp-content\/uploads\/2023\/03\/puita-300x200.jpg 300w, https:\/\/maakettu.viestikettu.fi\/wp-content\/uploads\/2023\/03\/puita-1024x682.jpg 1024w, https:\/\/maakettu.viestikettu.fi\/wp-content\/uploads\/2023\/03\/puita-768x512.jpg 768w, https:\/\/maakettu.viestikettu.fi\/wp-content\/uploads\/2023\/03\/puita-1536x1024.jpg 1536w, https:\/\/maakettu.viestikettu.fi\/wp-content\/uploads\/2023\/03\/puita-1x1.jpg 1w\" sizes=\"(max-width: 1700px) 100vw, 1700px\" \/><\/figure><div class=\"elementor-image-box-content\"><h2 class=\"elementor-image-box-title\">Polttopuuta<\/h2><p class=\"elementor-image-box-description\">Myynniss\u00e4 kuivaa koivu- ja kuusiklapia ja viel\u00e4 muutama s\u00e4kki haapaklapia. Kysy lis\u00e4\u00e4 alla olevalla lomakkeella!<\/p><\/div><\/div>\t\t\t\t<\/div>\n\t\t\t\t<\/div>\n\t\t\t\t\t<\/div>\n\t\t<\/div>\n\t\t\t\t\t<\/div>\n\t\t<\/section>\n\t\t\t\t<section class=\"elementor-section elementor-top-section elementor-element elementor-element-17f6c604 elementor-section-content-middle elementor-section-boxed elementor-section-height-default elementor-section-height-default\" data-id=\"17f6c604\" data-element_type=\"section\" data-e-type=\"section\">\n\t\t\t\t\t\t<div class=\"elementor-container elementor-column-gap-no\">\n\t\t\t\t\t<div class=\"elementor-column elementor-col-100 elementor-top-column elementor-element elementor-element-4afa57dd\" data-id=\"4afa57dd\" data-element_type=\"column\" data-e-type=\"column\">\n\t\t\t<div class=\"elementor-widget-wrap elementor-element-populated\">\n\t\t\t\t\t\t<div class=\"elementor-element elementor-element-390dc7d8 elementor-widget elementor-widget-heading\" data-id=\"390dc7d8\" data-element_type=\"widget\" data-e-type=\"widget\" data-widget_type=\"heading.default\">\n\t\t\t\t<div class=\"elementor-widget-container\">\n\t\t\t\t\t<h4 class=\"elementor-heading-title elementor-size-default\">Tiedustele saatavuutta tai kysy lis\u00e4\u00e4!<\/h4>\t\t\t\t<\/div>\n\t\t\t\t<\/div>\n\t\t\t\t<div class=\"elementor-element elementor-element-f820cc5 elementor-widget elementor-widget-heading\" data-id=\"f820cc5\" data-element_type=\"widget\" data-e-type=\"widget\" data-widget_type=\"heading.default\">\n\t\t\t\t<div class=\"elementor-widget-container\">\n\t\t\t\t\t<h4 class=\"elementor-heading-title elementor-size-default\">mika.sapyska(at)kotiportti.fi<\/h4>\t\t\t\t<\/div>\n\t\t\t\t<\/div>\n\t\t\t\t\t<\/div>\n\t\t<\/div>\n\t\t\t\t\t<\/div>\n\t\t<\/section>\n\t\t\t\t<section class=\"elementor-section elementor-top-section elementor-element elementor-element-d803456 elementor-section-boxed elementor-section-height-default elementor-section-height-default\" data-id=\"d803456\" data-element_type=\"section\" data-e-type=\"section\">\n\t\t\t\t\t\t<div class=\"elementor-container elementor-column-gap-default\">\n\t\t\t\t\t<div class=\"elementor-column elementor-col-33 elementor-top-column elementor-element elementor-element-7b9867a\" data-id=\"7b9867a\" data-element_type=\"column\" data-e-type=\"column\">\n\t\t\t<div class=\"elementor-widget-wrap\">\n\t\t\t\t\t\t\t<\/div>\n\t\t<\/div>\n\t\t\t\t<div class=\"elementor-column elementor-col-33 elementor-top-column elementor-element elementor-element-cdbc1a9\" data-id=\"cdbc1a9\" data-element_type=\"column\" data-e-type=\"column\">\n\t\t\t<div class=\"elementor-widget-wrap elementor-element-populated\">\n\t\t\t\t\t\t<div class=\"elementor-element elementor-element-dde0af1 elementor-widget elementor-widget-wp-widget-forminator_widget\" data-id=\"dde0af1\" data-element_type=\"widget\" data-e-type=\"widget\" data-widget_type=\"wp-widget-forminator_widget.default\">\n\t\t\t\t<div class=\"elementor-widget-container\">\n\t\t\t\t\t<div class=\"forminator-ui forminator-custom-form forminator-custom-form-196 forminator-design--material  forminator_ajax\" data-forminator-render=\"0\" data-form=\"forminator-module-196\" data-uid=\"69e0dfc6a09f4\"><br\/><\/div><form\n\t\t\t\tid=\"forminator-module-196\"\n\t\t\t\tclass=\"forminator-ui forminator-custom-form forminator-custom-form-196 forminator-design--material  forminator_ajax\"\n\t\t\t\tmethod=\"post\"\n\t\t\t\tdata-forminator-render=\"0\"\n\t\t\t\tdata-form-id=\"196\"\n\t\t\t\t data-color-option=\"default\" data-design=\"material\" data-grid=\"open\" style=\"display: none;\"\n\t\t\t\tdata-uid=\"69e0dfc6a09f4\"\n\t\t\t><div role=\"alert\" aria-live=\"polite\" class=\"forminator-response-message forminator-error\" aria-hidden=\"true\"><\/div><div class=\"forminator-row\"><div id=\"name-1\" class=\"forminator-field-name forminator-col forminator-col-12 \"><div class=\"forminator-field\"><label for=\"forminator-field-name-1_69e0dfc6a09f4\" id=\"forminator-field-name-1_69e0dfc6a09f4-label\" class=\"forminator-label\">Nimi <span class=\"forminator-required\">*<\/span><\/label><input type=\"text\" name=\"name-1\" value=\"\" placeholder=\"\" id=\"forminator-field-name-1_69e0dfc6a09f4\" class=\"forminator-input forminator-name--field\" aria-required=\"true\" autocomplete=\"name\" \/><\/div><\/div><\/div><div class=\"forminator-row\"><div id=\"email-1\" class=\"forminator-field-email forminator-col forminator-col-12 \"><div class=\"forminator-field\"><label for=\"forminator-field-email-1_69e0dfc6a09f4\" id=\"forminator-field-email-1_69e0dfc6a09f4-label\" class=\"forminator-label\">S\u00e4hk\u00f6postiosoite <span class=\"forminator-required\">*<\/span><\/label><input type=\"email\" name=\"email-1\" value=\"\" placeholder=\"\" id=\"forminator-field-email-1_69e0dfc6a09f4\" class=\"forminator-input forminator-email--field\" data-required=\"1\" aria-required=\"true\" autocomplete=\"email\" \/><\/div><\/div><\/div><div class=\"forminator-row\"><div id=\"phone-1\" class=\"forminator-field-phone forminator-col forminator-col-12 \"><div class=\"forminator-field\"><label for=\"forminator-field-phone-1_69e0dfc6a09f4\" id=\"forminator-field-phone-1_69e0dfc6a09f4-label\" class=\"forminator-label\">Puhelinnumero<\/label><input type=\"text\" name=\"phone-1\" value=\"\" placeholder=\"\" id=\"forminator-field-phone-1_69e0dfc6a09f4\" class=\"forminator-input forminator-field--phone\" data-required=\"\" aria-required=\"false\" autocomplete=\"off\" \/><\/div><\/div><\/div><div class=\"forminator-row\"><div id=\"textarea-1\" class=\"forminator-field-textarea forminator-col forminator-col-12 \"><div class=\"forminator-field\"><label for=\"forminator-field-textarea-1_69e0dfc6a09f4\" id=\"forminator-field-textarea-1_69e0dfc6a09f4-label\" class=\"forminator-label\">Viestisi meille. <span class=\"forminator-required\">*<\/span><\/label><textarea name=\"textarea-1\" placeholder=\"Enter your message...\" id=\"forminator-field-textarea-1_69e0dfc6a09f4\" class=\"forminator-textarea\" rows=\"6\" style=\"min-height:140px;\" maxlength=\"180\" ><\/textarea><span id=\"forminator-field-textarea-1_69e0dfc6a09f4-description\" class=\"forminator-description\"><span data-limit=\"180\" data-type=\"characters\" data-editor=\"\">0 \/ 180<\/span><\/span><\/div><\/div><\/div><input type=\"hidden\" name=\"referer_url\" value=\"\" \/><div class=\"forminator-row forminator-row-last\"><div class=\"forminator-col\"><div class=\"forminator-field\"><button class=\"forminator-button forminator-button-submit\"><span>L&auml;het&auml; viesti!<\/span><span aria-hidden=\"true\"><\/span><\/button><\/div><\/div><\/div><input type=\"hidden\" id=\"forminator_nonce\" name=\"forminator_nonce\" value=\"6ccb0ddb5d\" \/><input type=\"hidden\" name=\"_wp_http_referer\" value=\"\/index.php\/wp-json\/wp\/v2\/pages\/302\" \/><input type=\"hidden\" name=\"form_id\" value=\"196\"><input type=\"hidden\" name=\"page_id\" value=\"302\"><input type=\"hidden\" name=\"form_type\" value=\"default\"><input type=\"hidden\" name=\"current_url\" value=\"https:\/\/maakettu.viestikettu.fi\/index.php\/myynnissa\/\"><input type=\"hidden\" name=\"render_id\" value=\"0\"><input type=\"hidden\" name=\"action\" value=\"forminator_submit_form_custom-forms\"><\/form>\t\t\t\t<\/div>\n\t\t\t\t<\/div>\n\t\t\t\t\t<\/div>\n\t\t<\/div>\n\t\t\t\t<div class=\"elementor-column elementor-col-33 elementor-top-column elementor-element elementor-element-95d913f\" data-id=\"95d913f\" data-element_type=\"column\" data-e-type=\"column\">\n\t\t\t<div class=\"elementor-widget-wrap\">\n\t\t\t\t\t\t\t<\/div>\n\t\t<\/div>\n\t\t\t\t\t<\/div>\n\t\t<\/section>\n\t\t\t\t<section class=\"elementor-section elementor-top-section elementor-element elementor-element-46673ed elementor-section-boxed elementor-section-height-default elementor-section-height-default\" data-id=\"46673ed\" data-element_type=\"section\" data-e-type=\"section\">\n\t\t\t\t\t\t<div class=\"elementor-container elementor-column-gap-default\">\n\t\t\t\t\t<div class=\"elementor-column elementor-col-100 elementor-top-column elementor-element elementor-element-58c4745\" data-id=\"58c4745\" data-element_type=\"column\" data-e-type=\"column\">\n\t\t\t<div class=\"elementor-widget-wrap\">\n\t\t\t\t\t\t\t<\/div>\n\t\t<\/div>\n\t\t\t\t\t<\/div>\n\t\t<\/section>\n\t\t\t\t<\/div>\n\t\t","protected":false},"excerpt":{"rendered":"<p>Myynniss\u00e4 Luomukauraa Ei saatavilla t\u00e4ll\u00e4 hetkell\u00e4. Luomuhein\u00e4\u00e4 Ei saatavilla t\u00e4ll\u00e4 hetkell\u00e4. Polttopuuta Myynniss\u00e4 kuivaa koivu- ja kuusiklapia ja viel\u00e4 muutama s\u00e4kki haapaklapia. Kysy lis\u00e4\u00e4 alla olevalla lomakkeella! Tiedustele saatavuutta tai kysy lis\u00e4\u00e4! mika.sapyska(at)kotiportti.fi<\/p>\n","protected":false},"author":1,"featured_media":0,"parent":0,"menu_order":0,"comment_status":"closed","ping_status":"closed","template":"","meta":{"footnotes":""},"class_list":["post-302","page","type-page","status-publish","hentry"],"yoast_head":"<!-- This site is optimized with the Yoast SEO plugin v27.4 - https:\/\/yoast.com\/product\/yoast-seo-wordpress\/ -->\n<title>Myynniss\u00e4 - Maakettu<\/title>\n<meta name=\"description\" content=\"Myynnissa. Meill\u00e4 on aika ajoin myynniss\u00e4 kauraa, hein\u00e4\u00e4, polttopuuta ja muuta. Muista my\u00f6s Ketun piha ja puska -m\u00f6kkitalkkaripalvelumme.\" \/>\n<meta name=\"robots\" content=\"index, follow, max-snippet:-1, max-image-preview:large, max-video-preview:-1\" \/>\n<link rel=\"canonical\" href=\"https:\/\/maakettu.viestikettu.fi\/index.php\/myynnissa\/\" \/>\n<meta property=\"og:locale\" content=\"fi_FI\" \/>\n<meta property=\"og:type\" content=\"article\" \/>\n<meta property=\"og:title\" content=\"Myynniss\u00e4 - Maakettu\" \/>\n<meta property=\"og:description\" content=\"Myynnissa. Meill\u00e4 on aika ajoin myynniss\u00e4 kauraa, hein\u00e4\u00e4, polttopuuta ja muuta. Muista my\u00f6s Ketun piha ja puska -m\u00f6kkitalkkaripalvelumme.\" \/>\n<meta property=\"og:url\" content=\"https:\/\/maakettu.viestikettu.fi\/index.php\/myynnissa\/\" \/>\n<meta property=\"og:site_name\" content=\"Maakettu\" \/>\n<meta property=\"article:publisher\" content=\"https:\/\/fi-fi.facebook.com\/viestikettu\/\" \/>\n<meta property=\"article:modified_time\" content=\"2024-10-21T13:43:17+00:00\" \/>\n<meta property=\"og:image\" content=\"https:\/\/maakettu.viestikettu.fi\/wp-content\/uploads\/2023\/03\/kauraa-2-scaled.jpg\" \/>\n\t<meta property=\"og:image:width\" content=\"2560\" \/>\n\t<meta property=\"og:image:height\" content=\"1707\" \/>\n\t<meta property=\"og:image:type\" content=\"image\/jpeg\" \/>\n<meta name=\"twitter:card\" content=\"summary_large_image\" \/>\n<meta name=\"twitter:label1\" content=\"Arvioitu lukuaika\" \/>\n\t<meta name=\"twitter:data1\" content=\"1 minuutti\" \/>\n<script type=\"application\/ld+json\" class=\"yoast-schema-graph\">{\"@context\":\"https:\\\/\\\/schema.org\",\"@graph\":[{\"@type\":\"WebPage\",\"@id\":\"https:\\\/\\\/maakettu.viestikettu.fi\\\/index.php\\\/myynnissa\\\/\",\"url\":\"https:\\\/\\\/maakettu.viestikettu.fi\\\/index.php\\\/myynnissa\\\/\",\"name\":\"Myynniss\u00e4 - Maakettu\",\"isPartOf\":{\"@id\":\"https:\\\/\\\/maakettu.viestikettu.fi\\\/#website\"},\"primaryImageOfPage\":{\"@id\":\"https:\\\/\\\/maakettu.viestikettu.fi\\\/index.php\\\/myynnissa\\\/#primaryimage\"},\"image\":{\"@id\":\"https:\\\/\\\/maakettu.viestikettu.fi\\\/index.php\\\/myynnissa\\\/#primaryimage\"},\"thumbnailUrl\":\"https:\\\/\\\/maakettu.viestikettu.fi\\\/wp-content\\\/uploads\\\/2023\\\/03\\\/kauraa-2-scaled.jpg\",\"datePublished\":\"2023-03-13T12:31:36+00:00\",\"dateModified\":\"2024-10-21T13:43:17+00:00\",\"description\":\"Myynnissa. Meill\u00e4 on aika ajoin myynniss\u00e4 kauraa, hein\u00e4\u00e4, polttopuuta ja muuta. Muista my\u00f6s Ketun piha ja puska -m\u00f6kkitalkkaripalvelumme.\",\"breadcrumb\":{\"@id\":\"https:\\\/\\\/maakettu.viestikettu.fi\\\/index.php\\\/myynnissa\\\/#breadcrumb\"},\"inLanguage\":\"fi\",\"potentialAction\":[{\"@type\":\"ReadAction\",\"target\":[\"https:\\\/\\\/maakettu.viestikettu.fi\\\/index.php\\\/myynnissa\\\/\"]}]},{\"@type\":\"ImageObject\",\"inLanguage\":\"fi\",\"@id\":\"https:\\\/\\\/maakettu.viestikettu.fi\\\/index.php\\\/myynnissa\\\/#primaryimage\",\"url\":\"https:\\\/\\\/maakettu.viestikettu.fi\\\/wp-content\\\/uploads\\\/2023\\\/03\\\/kauraa-2-scaled.jpg\",\"contentUrl\":\"https:\\\/\\\/maakettu.viestikettu.fi\\\/wp-content\\\/uploads\\\/2023\\\/03\\\/kauraa-2-scaled.jpg\",\"width\":2560,\"height\":1707},{\"@type\":\"BreadcrumbList\",\"@id\":\"https:\\\/\\\/maakettu.viestikettu.fi\\\/index.php\\\/myynnissa\\\/#breadcrumb\",\"itemListElement\":[{\"@type\":\"ListItem\",\"position\":1,\"name\":\"Etusivu\",\"item\":\"https:\\\/\\\/maakettu.viestikettu.fi\\\/\"},{\"@type\":\"ListItem\",\"position\":2,\"name\":\"Myynniss\u00e4\"}]},{\"@type\":\"WebSite\",\"@id\":\"https:\\\/\\\/maakettu.viestikettu.fi\\\/#website\",\"url\":\"https:\\\/\\\/maakettu.viestikettu.fi\\\/\",\"name\":\"Maakettu\",\"description\":\"Hyv&auml;n mielen maatila\",\"publisher\":{\"@id\":\"https:\\\/\\\/maakettu.viestikettu.fi\\\/#organization\"},\"potentialAction\":[{\"@type\":\"SearchAction\",\"target\":{\"@type\":\"EntryPoint\",\"urlTemplate\":\"https:\\\/\\\/maakettu.viestikettu.fi\\\/?s={search_term_string}\"},\"query-input\":{\"@type\":\"PropertyValueSpecification\",\"valueRequired\":true,\"valueName\":\"search_term_string\"}}],\"inLanguage\":\"fi\"},{\"@type\":\"Organization\",\"@id\":\"https:\\\/\\\/maakettu.viestikettu.fi\\\/#organization\",\"name\":\"Maakettu\",\"url\":\"https:\\\/\\\/maakettu.viestikettu.fi\\\/\",\"logo\":{\"@type\":\"ImageObject\",\"inLanguage\":\"fi\",\"@id\":\"https:\\\/\\\/maakettu.viestikettu.fi\\\/#\\\/schema\\\/logo\\\/image\\\/\",\"url\":\"https:\\\/\\\/maakettu.viestikettu.fi\\\/wp-content\\\/uploads\\\/2023\\\/02\\\/cropped-kuva-3-1.png\",\"contentUrl\":\"https:\\\/\\\/maakettu.viestikettu.fi\\\/wp-content\\\/uploads\\\/2023\\\/02\\\/cropped-kuva-3-1.png\",\"width\":240,\"height\":68,\"caption\":\"Maakettu\"},\"image\":{\"@id\":\"https:\\\/\\\/maakettu.viestikettu.fi\\\/#\\\/schema\\\/logo\\\/image\\\/\"},\"sameAs\":[\"https:\\\/\\\/fi-fi.facebook.com\\\/viestikettu\\\/\"]}]}<\/script>\n<!-- \/ Yoast SEO plugin. -->","yoast_head_json":{"title":"Myynniss\u00e4 - Maakettu","description":"Myynnissa. Meill\u00e4 on aika ajoin myynniss\u00e4 kauraa, hein\u00e4\u00e4, polttopuuta ja muuta. Muista my\u00f6s Ketun piha ja puska -m\u00f6kkitalkkaripalvelumme.","robots":{"index":"index","follow":"follow","max-snippet":"max-snippet:-1","max-image-preview":"max-image-preview:large","max-video-preview":"max-video-preview:-1"},"canonical":"https:\/\/maakettu.viestikettu.fi\/index.php\/myynnissa\/","og_locale":"fi_FI","og_type":"article","og_title":"Myynniss\u00e4 - Maakettu","og_description":"Myynnissa. Meill\u00e4 on aika ajoin myynniss\u00e4 kauraa, hein\u00e4\u00e4, polttopuuta ja muuta. Muista my\u00f6s Ketun piha ja puska -m\u00f6kkitalkkaripalvelumme.","og_url":"https:\/\/maakettu.viestikettu.fi\/index.php\/myynnissa\/","og_site_name":"Maakettu","article_publisher":"https:\/\/fi-fi.facebook.com\/viestikettu\/","article_modified_time":"2024-10-21T13:43:17+00:00","og_image":[{"width":2560,"height":1707,"url":"https:\/\/maakettu.viestikettu.fi\/wp-content\/uploads\/2023\/03\/kauraa-2-scaled.jpg","type":"image\/jpeg"}],"twitter_card":"summary_large_image","twitter_misc":{"Arvioitu lukuaika":"1 minuutti"},"schema":{"@context":"https:\/\/schema.org","@graph":[{"@type":"WebPage","@id":"https:\/\/maakettu.viestikettu.fi\/index.php\/myynnissa\/","url":"https:\/\/maakettu.viestikettu.fi\/index.php\/myynnissa\/","name":"Myynniss\u00e4 - Maakettu","isPartOf":{"@id":"https:\/\/maakettu.viestikettu.fi\/#website"},"primaryImageOfPage":{"@id":"https:\/\/maakettu.viestikettu.fi\/index.php\/myynnissa\/#primaryimage"},"image":{"@id":"https:\/\/maakettu.viestikettu.fi\/index.php\/myynnissa\/#primaryimage"},"thumbnailUrl":"https:\/\/maakettu.viestikettu.fi\/wp-content\/uploads\/2023\/03\/kauraa-2-scaled.jpg","datePublished":"2023-03-13T12:31:36+00:00","dateModified":"2024-10-21T13:43:17+00:00","description":"Myynnissa. Meill\u00e4 on aika ajoin myynniss\u00e4 kauraa, hein\u00e4\u00e4, polttopuuta ja muuta. Muista my\u00f6s Ketun piha ja puska -m\u00f6kkitalkkaripalvelumme.","breadcrumb":{"@id":"https:\/\/maakettu.viestikettu.fi\/index.php\/myynnissa\/#breadcrumb"},"inLanguage":"fi","potentialAction":[{"@type":"ReadAction","target":["https:\/\/maakettu.viestikettu.fi\/index.php\/myynnissa\/"]}]},{"@type":"ImageObject","inLanguage":"fi","@id":"https:\/\/maakettu.viestikettu.fi\/index.php\/myynnissa\/#primaryimage","url":"https:\/\/maakettu.viestikettu.fi\/wp-content\/uploads\/2023\/03\/kauraa-2-scaled.jpg","contentUrl":"https:\/\/maakettu.viestikettu.fi\/wp-content\/uploads\/2023\/03\/kauraa-2-scaled.jpg","width":2560,"height":1707},{"@type":"BreadcrumbList","@id":"https:\/\/maakettu.viestikettu.fi\/index.php\/myynnissa\/#breadcrumb","itemListElement":[{"@type":"ListItem","position":1,"name":"Etusivu","item":"https:\/\/maakettu.viestikettu.fi\/"},{"@type":"ListItem","position":2,"name":"Myynniss\u00e4"}]},{"@type":"WebSite","@id":"https:\/\/maakettu.viestikettu.fi\/#website","url":"https:\/\/maakettu.viestikettu.fi\/","name":"Maakettu","description":"Hyv&auml;n mielen maatila","publisher":{"@id":"https:\/\/maakettu.viestikettu.fi\/#organization"},"potentialAction":[{"@type":"SearchAction","target":{"@type":"EntryPoint","urlTemplate":"https:\/\/maakettu.viestikettu.fi\/?s={search_term_string}"},"query-input":{"@type":"PropertyValueSpecification","valueRequired":true,"valueName":"search_term_string"}}],"inLanguage":"fi"},{"@type":"Organization","@id":"https:\/\/maakettu.viestikettu.fi\/#organization","name":"Maakettu","url":"https:\/\/maakettu.viestikettu.fi\/","logo":{"@type":"ImageObject","inLanguage":"fi","@id":"https:\/\/maakettu.viestikettu.fi\/#\/schema\/logo\/image\/","url":"https:\/\/maakettu.viestikettu.fi\/wp-content\/uploads\/2023\/02\/cropped-kuva-3-1.png","contentUrl":"https:\/\/maakettu.viestikettu.fi\/wp-content\/uploads\/2023\/02\/cropped-kuva-3-1.png","width":240,"height":68,"caption":"Maakettu"},"image":{"@id":"https:\/\/maakettu.viestikettu.fi\/#\/schema\/logo\/image\/"},"sameAs":["https:\/\/fi-fi.facebook.com\/viestikettu\/"]}]}},"_links":{"self":[{"href":"https:\/\/maakettu.viestikettu.fi\/index.php\/wp-json\/wp\/v2\/pages\/302","targetHints":{"allow":["GET"]}}],"collection":[{"href":"https:\/\/maakettu.viestikettu.fi\/index.php\/wp-json\/wp\/v2\/pages"}],"about":[{"href":"https:\/\/maakettu.viestikettu.fi\/index.php\/wp-json\/wp\/v2\/types\/page"}],"author":[{"embeddable":true,"href":"https:\/\/maakettu.viestikettu.fi\/index.php\/wp-json\/wp\/v2\/users\/1"}],"replies":[{"embeddable":true,"href":"https:\/\/maakettu.viestikettu.fi\/index.php\/wp-json\/wp\/v2\/comments?post=302"}],"version-history":[{"count":36,"href":"https:\/\/maakettu.viestikettu.fi\/index.php\/wp-json\/wp\/v2\/pages\/302\/revisions"}],"predecessor-version":[{"id":382,"href":"https:\/\/maakettu.viestikettu.fi\/index.php\/wp-json\/wp\/v2\/pages\/302\/revisions\/382"}],"wp:attachment":[{"href":"https:\/\/maakettu.viestikettu.fi\/index.php\/wp-json\/wp\/v2\/media?parent=302"}],"curies":[{"name":"wp","href":"https:\/\/api.w.org\/{rel}","templated":true}]}}